{"id":22,"date":"2018-08-30T17:23:55","date_gmt":"2018-08-30T14:23:55","guid":{"rendered":"http:\/\/oulunensiapuryhma.net\/?page_id=22"},"modified":"2025-12-08T10:54:44","modified_gmt":"2025-12-08T08:54:44","slug":"toiminta","status":"publish","type":"page","link":"https:\/\/oulunensiapuryhma.net\/","title":{"rendered":"Toiminta"},"content":{"rendered":"\n<p>Punaisen Ristin Oulun osaston ensiapuryhm\u00e4 koostuu noin 50 eri-ik\u00e4isest\u00e4 ja -taustaisesta vapaaehtoisesta.&nbsp; Ensiapuryhm\u00e4ss\u00e4 opetellaan ja yll\u00e4pidet\u00e4\u00e4n ensiaputaitoja monipuolisen toiminnan ja erilaisten harjoitusten avulla. Ensiapuryhm\u00e4 tarjoaa hauskan ja hy\u00f6dyllisen harrastuksen lis\u00e4ksi paljon uusia tuttavuuksia. Ensiapuryhm\u00e4n kautta on mahdollista osallistua my\u00f6s Vapaaehtoisen pelastuspalvelun (Vapepa) toimintaan, johon kuuluvat mm. kadonneiden etsinn\u00e4t ja avustaminen erilaisissa onnettomuustilanteissa.<\/p>\n\n\n\n<p>Mukaan voi tulla koska vain ja kuka vain \u2013 aiempaa ensiapukokemusta tai&nbsp; -koulutusta et tarvitse, riitt\u00e4\u00e4 ett\u00e4 olet kiinnostunut asiasta. Ryhm\u00e4n j\u00e4senill\u00e4 on mahdollisuus kouluttautua ryhm\u00e4n tukemana toiveiden ja tarpeiden mukaisesti. &nbsp;Perinteisten ensiapukurssien lis\u00e4ksi tarjolla on monipuolisia vapaaehtoisen pelastuspalvelun kursseja. Harjoittelu ryhm\u00e4illoissa on maksutonta samoin kuin osa koulutuksista.<\/p>\n\n\n\n<p>Osaamisen ja kokemuksen karttuessa voi sitoutua ryhm\u00e4mme toimintaan tiiviimmin kouluttautumalla ensiapup\u00e4ivyst\u00e4j\u00e4ksi ja osallistumalla erilaisiin yleis\u00f6tapahtumiin, kuten konsertteihin ja urheilukilpailuihin. Ensiapup\u00e4ivyst\u00e4j\u00e4ksi voivat p\u00e4\u00e4st\u00e4 t\u00e4ysi-ik\u00e4iset ryhm\u00e4l\u00e4iset suorittamalla ensiavun peruskurssin (EA 1) sek\u00e4 p\u00e4ivystysensiapukurssin. Ensiapup\u00e4ivyst\u00e4j\u00e4n\u00e4 toimimisen edellytyksen\u00e4 on my\u00f6s aktiivinen osallistuminen ryhm\u00e4n harjoitusiltoihin.<\/p>\n","protected":false},"excerpt":{"rendered":"<p>Punaisen Ristin Oulun osaston ensiapuryhm\u00e4 koostuu noin 50 eri-ik\u00e4isest\u00e4 ja -taustaisesta vapaaehtoisesta.&nbsp; Ensiapuryhm\u00e4ss\u00e4 opetellaan ja yll\u00e4pidet\u00e4\u00e4n ensiaputaitoja monipuolisen toiminnan ja erilaisten harjoitusten avulla. Ensiapuryhm\u00e4 tarjoaa hauskan ja hy\u00f6dyllisen harrastuksen lis\u00e4ksi paljon uusia tuttavuuksia. Ensiapuryhm\u00e4n kautta on mahdollista osallistua my\u00f6s Vapaaehtoisen pelastuspalvelun (Vapepa) toimintaan, johon kuuluvat mm. kadonneiden etsinn\u00e4t ja avustaminen erilaisissa onnettomuustilanteissa. Mukaan voi tulla &hellip; <\/p>\n<p class=\"link-more\"><a href=\"https:\/\/oulunensiapuryhma.net\/\" class=\"more-link\">Jatka lukemista<span class=\"screen-reader-text\"> &#8221;Toiminta&#8221;<\/span><\/a><\/p>\n","protected":false},"author":1,"featured_media":99,"parent":0,"menu_order":0,"comment_status":"closed","ping_status":"closed","template":"","meta":{"footnotes":""},"class_list":["post-22","page","type-page","status-publish","has-post-thumbnail","hentry"],"_links":{"self":[{"href":"https:\/\/oulunensiapuryhma.net\/index.php\/wp-json\/wp\/v2\/pages\/22","targetHints":{"allow":["GET"]}}],"collection":[{"href":"https:\/\/oulunensiapuryhma.net\/index.php\/wp-json\/wp\/v2\/pages"}],"about":[{"href":"https:\/\/oulunensiapuryhma.net\/index.php\/wp-json\/wp\/v2\/types\/page"}],"author":[{"embeddable":true,"href":"https:\/\/oulunensiapuryhma.net\/index.php\/wp-json\/wp\/v2\/users\/1"}],"replies":[{"embeddable":true,"href":"https:\/\/oulunensiapuryhma.net\/index.php\/wp-json\/wp\/v2\/comments?post=22"}],"version-history":[{"count":12,"href":"https:\/\/oulunensiapuryhma.net\/index.php\/wp-json\/wp\/v2\/pages\/22\/revisions"}],"predecessor-version":[{"id":463,"href":"https:\/\/oulunensiapuryhma.net\/index.php\/wp-json\/wp\/v2\/pages\/22\/revisions\/463"}],"wp:featuredmedia":[{"embeddable":true,"href":"https:\/\/oulunensiapuryhma.net\/index.php\/wp-json\/wp\/v2\/media\/99"}],"wp:attachment":[{"href":"https:\/\/oulunensiapuryhma.net\/index.php\/wp-json\/wp\/v2\/media?parent=22"}],"curies":[{"name":"wp","href":"https:\/\/api.w.org\/{rel}","templated":true}]}}