{"id":89,"date":"2018-08-30T21:41:37","date_gmt":"2018-08-30T18:41:37","guid":{"rendered":"http:\/\/oulunensiapuryhma.net\/?page_id=89"},"modified":"2025-12-08T10:51:43","modified_gmt":"2025-12-08T08:51:43","slug":"tilaa-ensiapupaivystys","status":"publish","type":"page","link":"https:\/\/oulunensiapuryhma.net\/index.php\/tilaa-ensiapupaivystys\/","title":{"rendered":"Tilaa ensiapup\u00e4ivystys"},"content":{"rendered":"\n<p>Ensiapuryhm\u00e4mme tarjoaa p\u00e4ivystyspalvelua erilaisten tapahtumien j\u00e4rjest\u00e4jille osaltaan parantamaan tilaisuuden turvallisuutta. Toiminta on maksullista ja siit\u00e4 saatu korvaus k\u00e4ytet\u00e4\u00e4n ensiapuryhm\u00e4toiminnan yll\u00e4pit\u00e4miseen, koulutukseen ja tarvikkeiden hankintaan sek\u00e4 muun Punaisen Ristin toiminnan tukemiseen.<\/p>\n\n\n\n<p>Arvoisa asiakkaamme, toivoisimme, ett\u00e4 yhteydenottoa tehdess\u00e4nne pystyisitte antamaan seuraavat tiedot, jolloin meid\u00e4n on helpompi arvioida riskej\u00e4 ja tarjota teille oikea m\u00e4\u00e4r\u00e4 ensiapup\u00e4ivyst\u00e4ji\u00e4.<\/p>\n\n\n\n<ul class=\"wp-block-list\">\n<li>Tilaajan tiedot\n<ul class=\"wp-block-list\">\n<li>Tilaaja (nimi ja puhelinnumero)<\/li>\n\n\n\n<li>S\u00e4hk\u00f6postiosoite<\/li>\n\n\n\n<li>Laskutusosoite<\/li>\n<\/ul>\n<\/li>\n\n\n\n<li>Tapahtumatiedot\n<ul class=\"wp-block-list\">\n<li>Tapahtuma \/ Tilaisuuden nimi<\/li>\n\n\n\n<li>Aika ja paikka<\/li>\n\n\n\n<li>P\u00e4ivystyksen alkamis- ja lopetusaika (aika milloin p\u00e4ivyst\u00e4j\u00e4t ovat paikalla)<\/li>\n\n\n\n<li>Tilaisuuden luonne \/ ohjelma<\/li>\n\n\n\n<li>Arvioitu osallistujam\u00e4\u00e4r\u00e4 ja ik\u00e4rakenne<\/li>\n\n\n\n<li>Muita huomioitavia asioita (esim. alkoholitarjoilu)<\/li>\n\n\n\n<li>Erityisi\u00e4 vaarankohteita yms<\/li>\n\n\n\n<li>Onko teill\u00e4 mahdollisuutta tarjota p\u00e4ivyst\u00e4jillemme suojaisaa tilaa, jossa voi tarvittaessa antaa ensiapua sek\u00e4 tarjota asiakkaille intimiteettisuoja toimenpiteiden ajaksi<\/li>\n\n\n\n<li>Mahdollisuus tarjota p\u00e4ivyst\u00e4jille ruoka yli 4 tuntia kest\u00e4viss\u00e4 p\u00e4ivystyksiss\u00e4<\/li>\n<\/ul>\n<\/li>\n<\/ul>\n\n\n\n<p>Muutamia asioita, joita teid\u00e4n on hyv\u00e4 tiet\u00e4\u00e4 ensiapup\u00e4ivystyksist\u00e4mme<\/p>\n\n\n\n<ul class=\"wp-block-list\">\n<li>Teemme aina kirjallisen sopimuksen ensiapup\u00e4ivystyksen tilaajan kanssa.<\/li>\n\n\n\n<li>Punaisen Ristin suositus minimim\u00e4\u00e4r\u00e4st\u00e4 ensiapup\u00e4ivyst\u00e4ji\u00e4 on 3 henkil\u00f6\u00e4.<\/li>\n\n\n\n<li>Ryhm\u00e4ll\u00e4mme ei ole mahdollisuutta tarjota sairaanhoitajia ja\/tai l\u00e4\u00e4k\u00e4reit\u00e4.<\/li>\n\n\n\n<li>Olkaa yhteydess\u00e4 meihin ajoissa, jolloin on suurempi mahdollisuus, ett\u00e4 pystymme hankkimaan ensiapup\u00e4ivyst\u00e4j\u00e4t tapahtumaanne. Mit\u00e4 isompi tapahtuma on, sit\u00e4 aiemmin kannattaa olla yhteydess\u00e4.<\/li>\n\n\n\n<li>Ensiapup\u00e4ivyst\u00e4j\u00e4t ovat kaikki vapaaehtoisia, oman ty\u00f6ns\u00e4 ohessa p\u00e4ivystyspalvelua tekevi\u00e4 eiv\u00e4tk\u00e4 he saa p\u00e4ivyst\u00e4misest\u00e4 erillist\u00e4 korvausta. Ensiapup\u00e4ivyst\u00e4j\u00e4t ovat suorittaneet ensiapukurssien lis\u00e4ksi erityisen koulutuksen p\u00e4ivystysteht\u00e4vi\u00e4 varten.<\/li>\n\n\n\n<li>Ryhm\u00e4mme voi tarvittaessa hankkia lis\u00e4\u00e4 p\u00e4ivyst\u00e4ji\u00e4 naapurikunnista, joiden kanssa teemme l\u00e4heist\u00e4 yhteisty\u00f6t\u00e4 ensiapup\u00e4ivystyksiss\u00e4.<\/li>\n<\/ul>\n\n\n\n<p><strong>P\u00e4ivystyksen tilaus ja tiedustelut:<\/strong><\/p>\n\n\n\n<p><a href=\"https:\/\/paivystykset.punainenristi.fi\/tilaa\">Tarjouspyynt\u00f6lomakkeella<\/a>, <\/p>\n\n\n\n<p>s\u00e4hk\u00f6postitse\u00a0\u00a0<strong>paivystysvastaava(at)oulunensiapuryhma.net\u00a0<\/strong>tai<\/p>\n\n\n\n<p>numerosta\u00a0<strong>040-745 3634 (ei tekstiviestej\u00e4!)<\/strong>.<\/p>\n\n\n\n<figure class=\"wp-block-image\"><img loading=\"lazy\" decoding=\"async\" width=\"187\" height=\"300\" src=\"http:\/\/oulunensiapuryhma.net\/wp-content\/uploads\/2018\/08\/paivystaja-187x300.jpg\" alt=\"\" class=\"wp-image-136\" srcset=\"https:\/\/oulunensiapuryhma.net\/wp-content\/uploads\/2018\/08\/paivystaja-187x300.jpg 187w, https:\/\/oulunensiapuryhma.net\/wp-content\/uploads\/2018\/08\/paivystaja.jpg 598w\" sizes=\"auto, (max-width: 187px) 100vw, 187px\" \/><\/figure>\n\n\n\n<figure class=\"wp-block-image\"><img loading=\"lazy\" decoding=\"async\" width=\"300\" height=\"225\" src=\"http:\/\/oulunensiapuryhma.net\/wp-content\/uploads\/2018\/08\/paivystajat-300x225.jpg\" alt=\"\" class=\"wp-image-137\" srcset=\"https:\/\/oulunensiapuryhma.net\/wp-content\/uploads\/2018\/08\/paivystajat-300x225.jpg 300w, https:\/\/oulunensiapuryhma.net\/wp-content\/uploads\/2018\/08\/paivystajat-768x576.jpg 768w, https:\/\/oulunensiapuryhma.net\/wp-content\/uploads\/2018\/08\/paivystajat-1024x768.jpg 1024w, https:\/\/oulunensiapuryhma.net\/wp-content\/uploads\/2018\/08\/paivystajat.jpg 2048w\" sizes=\"auto, (max-width: 300px) 100vw, 300px\" \/><\/figure>\n\n\n\n<p><\/p>\n\n\n\n<p><\/p>\n","protected":false},"excerpt":{"rendered":"<p>Ensiapuryhm\u00e4mme tarjoaa p\u00e4ivystyspalvelua erilaisten tapahtumien j\u00e4rjest\u00e4jille osaltaan parantamaan tilaisuuden turvallisuutta. Toiminta on maksullista ja siit\u00e4 saatu korvaus k\u00e4ytet\u00e4\u00e4n ensiapuryhm\u00e4toiminnan yll\u00e4pit\u00e4miseen, koulutukseen ja tarvikkeiden hankintaan sek\u00e4 muun Punaisen Ristin toiminnan tukemiseen. Arvoisa asiakkaamme, toivoisimme, ett\u00e4 yhteydenottoa tehdess\u00e4nne pystyisitte antamaan seuraavat tiedot, jolloin meid\u00e4n on helpompi arvioida riskej\u00e4 ja tarjota teille oikea m\u00e4\u00e4r\u00e4 ensiapup\u00e4ivyst\u00e4ji\u00e4. Muutamia asioita, joita &hellip; <\/p>\n<p class=\"link-more\"><a href=\"https:\/\/oulunensiapuryhma.net\/index.php\/tilaa-ensiapupaivystys\/\" class=\"more-link\">Jatka lukemista<span class=\"screen-reader-text\"> &#8221;Tilaa ensiapup\u00e4ivystys&#8221;<\/span><\/a><\/p>\n","protected":false},"author":1,"featured_media":145,"parent":0,"menu_order":0,"comment_status":"closed","ping_status":"closed","template":"","meta":{"footnotes":""},"class_list":["post-89","page","type-page","status-publish","has-post-thumbnail","hentry"],"_links":{"self":[{"href":"https:\/\/oulunensiapuryhma.net\/index.php\/wp-json\/wp\/v2\/pages\/89","targetHints":{"allow":["GET"]}}],"collection":[{"href":"https:\/\/oulunensiapuryhma.net\/index.php\/wp-json\/wp\/v2\/pages"}],"about":[{"href":"https:\/\/oulunensiapuryhma.net\/index.php\/wp-json\/wp\/v2\/types\/page"}],"author":[{"embeddable":true,"href":"https:\/\/oulunensiapuryhma.net\/index.php\/wp-json\/wp\/v2\/users\/1"}],"replies":[{"embeddable":true,"href":"https:\/\/oulunensiapuryhma.net\/index.php\/wp-json\/wp\/v2\/comments?post=89"}],"version-history":[{"count":13,"href":"https:\/\/oulunensiapuryhma.net\/index.php\/wp-json\/wp\/v2\/pages\/89\/revisions"}],"predecessor-version":[{"id":461,"href":"https:\/\/oulunensiapuryhma.net\/index.php\/wp-json\/wp\/v2\/pages\/89\/revisions\/461"}],"wp:featuredmedia":[{"embeddable":true,"href":"https:\/\/oulunensiapuryhma.net\/index.php\/wp-json\/wp\/v2\/media\/145"}],"wp:attachment":[{"href":"https:\/\/oulunensiapuryhma.net\/index.php\/wp-json\/wp\/v2\/media?parent=89"}],"curies":[{"name":"wp","href":"https:\/\/api.w.org\/{rel}","templated":true}]}}