{"id":90,"date":"2018-08-30T21:41:37","date_gmt":"2018-08-30T18:41:37","guid":{"rendered":"http:\/\/oulunensiapuryhma.net\/?page_id=90"},"modified":"2025-12-08T10:59:59","modified_gmt":"2025-12-08T08:59:59","slug":"yhteystiedot","status":"publish","type":"page","link":"https:\/\/oulunensiapuryhma.net\/index.php\/yhteystiedot\/","title":{"rendered":"Yhteystiedot"},"content":{"rendered":"\n<p><strong>Ryhm\u00e4njohtaja<\/strong><\/p>\n\n\n\n<p>Juha Mustonen 040-5466416 (ei tekstiviestej\u00e4!), ryhmanjohtaja(at)oulunensiapuryhma.net<\/p>\n\n\n\n<p><strong>P\u00e4ivystysyhteyshenkil\u00f6<\/strong><\/p>\n\n\n\n<p>Henri Honkarinta 040-7453634 (ei tekstiviestej\u00e4!), paivystysvastaava(at)oulunensiapuryhma.net<\/p>\n\n\n\n<p><strong>Punaisen Ristin Oulun osaston toimipiste<\/strong><\/p>\n\n\n\n<p>Kainuuntie 1, 90130 Oulu<\/p>\n\n\n\n<p><iframe loading=\"lazy\" style=\"border: 0;\" src=\"https:\/\/www.google.com\/maps\/embed?pb=!1m18!1m12!1m3!1d1685.70544589791!2d25.481034716209706!3d65.00736198399177!2m3!1f0!2f0!3f0!3m2!1i1024!2i768!4f13.1!3m3!1m2!1s0x468032ad99ecb299%3A0xc21c920ba4e046bd!2sKainuuntie+1%2C+90100+Oulu!5e0!3m2!1sfi!2sfi!4v1535712426751\" width=\"400\" height=\"300\" frameborder=\"0\" allowfullscreen=\"allowfullscreen\"><\/iframe><\/p>\n","protected":false},"excerpt":{"rendered":"<p>Ryhm\u00e4njohtaja Juha Mustonen 040-5466416 (ei tekstiviestej\u00e4!), ryhmanjohtaja(at)oulunensiapuryhma.net P\u00e4ivystysyhteyshenkil\u00f6 Henri Honkarinta 040-7453634 (ei tekstiviestej\u00e4!), paivystysvastaava(at)oulunensiapuryhma.net Punaisen Ristin Oulun osaston toimipiste Kainuuntie 1, 90130 Oulu<\/p>\n","protected":false},"author":1,"featured_media":0,"parent":0,"menu_order":0,"comment_status":"closed","ping_status":"closed","template":"","meta":{"footnotes":""},"class_list":["post-90","page","type-page","status-publish","hentry"],"_links":{"self":[{"href":"https:\/\/oulunensiapuryhma.net\/index.php\/wp-json\/wp\/v2\/pages\/90","targetHints":{"allow":["GET"]}}],"collection":[{"href":"https:\/\/oulunensiapuryhma.net\/index.php\/wp-json\/wp\/v2\/pages"}],"about":[{"href":"https:\/\/oulunensiapuryhma.net\/index.php\/wp-json\/wp\/v2\/types\/page"}],"author":[{"embeddable":true,"href":"https:\/\/oulunensiapuryhma.net\/index.php\/wp-json\/wp\/v2\/users\/1"}],"replies":[{"embeddable":true,"href":"https:\/\/oulunensiapuryhma.net\/index.php\/wp-json\/wp\/v2\/comments?post=90"}],"version-history":[{"count":12,"href":"https:\/\/oulunensiapuryhma.net\/index.php\/wp-json\/wp\/v2\/pages\/90\/revisions"}],"predecessor-version":[{"id":466,"href":"https:\/\/oulunensiapuryhma.net\/index.php\/wp-json\/wp\/v2\/pages\/90\/revisions\/466"}],"wp:attachment":[{"href":"https:\/\/oulunensiapuryhma.net\/index.php\/wp-json\/wp\/v2\/media?parent=90"}],"curies":[{"name":"wp","href":"https:\/\/api.w.org\/{rel}","templated":true}]}}